{"id":770,"date":"2021-02-23T18:29:31","date_gmt":"2021-02-23T17:29:31","guid":{"rendered":"https:\/\/itineraris.tallerestampa.com\/los-objetos\/"},"modified":"2021-03-17T11:17:23","modified_gmt":"2021-03-17T10:17:23","slug":"los-objetos","status":"publish","type":"page","link":"https:\/\/itineraris.tallerestampa.com\/es\/los-objetos\/","title":{"rendered":"Los objetos"},"content":{"rendered":"\n<div class=\"wp-block-image\"><figure class=\"aligncenter size-large\"><img loading=\"lazy\" decoding=\"async\" width=\"512\" height=\"512\" src=\"https:\/\/itineraris.tallerestampa.com\/wp-content\/uploads\/2021\/02\/objectes_exploracio.gif\" alt=\"\" class=\"wp-image-149\" id=\"objectes_exploracio\"\/><\/figure><\/div>\n\n<div style=\"height:31px\" aria-hidden=\"true\" class=\"wp-block-spacer\"><\/div>\n\n<p>Introducci\u00f3n<\/p>\n\n<p>Los objetos nos invitan a hacer cosas con ellos. Los objetos nos generan admiraci\u00f3n (obra de arte, piedra preciosa), repulsi\u00f3n (una inmundicia en el mar), curiosidad (algo desconocido), amor (pertenencia de una persona admirada), devoci\u00f3n (imagen de un santo), impotencia (el aparato electr\u00f3nico que no nos responde), rabia (el coche que no arranca), seguridad (el despertador que me garantizar\u00e1 no perder el avi\u00f3n), etc. Incluso hablamos del \u00abobjeto pasi\u00f3n\u00bb, un t\u00e9rmino que Jean Baudrillard us\u00f3 para describir lo que mueve al coleccionista. Todo esto es el resultado de la capacidad de agencia que tienen los objetos, su capacidad de afectar. En este sentido, son lo que Bruno Latour denominaba \u00abactantes\u00bb, cualquier cosa que cambie con su incidencia un estado de cosas; todo lo que act\u00faa o mueve a la acci\u00f3n, ya sea humano o no humano.<\/p>\n\n<p>En los mitos, cuentos y creencias ya se concede tradicionalmente poder a ciertos objetos, el \u00abpoder carism\u00e1tico\u00bb en t\u00e9rminos de Max Weber: la espada de Lohengrin, la varita m\u00e1gica de las hadas, los talismanes&#8230; Esta agencia otorgada a determinados objetos en el mundo creencial no es m\u00e1s que una resonancia amplificada de la experiencia que se tiene en la vida cotidiana con los flujos afectivos entre el cuerpo y los objetos, se sea o no consciente. El cetro del rey no es s\u00f3lo un s\u00edmbolo, sino que tambi\u00e9n ayuda a sentirse rey a quien lo empu\u00f1a. Lo sabemos muy bien en lo que se refiere a la indumentaria. Un uniforme ayuda a generar los sentimientos que asociamos con lo que representa; contribuye, por ejemplo, a que uno se sienta m\u00e9dico, polic\u00eda, presidiario, conserje, etc.<\/p>\n\n<p>Se dice que la asignaci\u00f3n de un atributo a un objeto modifica su naturaleza. As\u00ed, en el reino de lo sagrado, un altar no es lo mismo que una mesa. Pero de hecho, seg\u00fan la perspectiva posthumanista, lo que se modifica no es la naturaleza de los objetos, sino el tipo de relaciones que establecemos con ellos. Las \u00abcosas\u00bb devienen \u00abobjetos\u00bb al ser definidas, nombradas, incorporadas a la esfera experiencial del individuo (Leeuw, 2008: 222). Esto implica relacionalidad: los objetos son definidos por los sujetos y los sujetos por los objetos.<\/p>\n\n<div style=\"height:30px\" aria-hidden=\"true\" class=\"wp-block-spacer\"><\/div>\n\n<figure class=\"wp-block-image size-large\"><img loading=\"lazy\" decoding=\"async\" width=\"896\" height=\"639\" src=\"https:\/\/itineraris.tallerestampa.com\/wp-content\/uploads\/2021\/02\/objectes_reticula_A.jpg\" alt=\"\" class=\"wp-image-155\" id=\"objectes_reticula_A\" srcset=\"https:\/\/itineraris.tallerestampa.com\/wp-content\/uploads\/2021\/02\/objectes_reticula_A.jpg 896w, https:\/\/itineraris.tallerestampa.com\/wp-content\/uploads\/2021\/02\/objectes_reticula_A-300x214.jpg 300w, https:\/\/itineraris.tallerestampa.com\/wp-content\/uploads\/2021\/02\/objectes_reticula_A-768x548.jpg 768w\" sizes=\"auto, (max-width: 896px) 100vw, 896px\" \/><\/figure>\n<div style=\"height:20px\" aria-hidden=\"true\" class=\"wp-block-spacer\"><\/div>\n\n<p><strong>1<\/strong><\/p>\n\n<p>Estamos literalmente rodeados de objetos. Los hacemos, los usamos, los intercambiamos y cuando ya no los consideramos necesarios nos deshacemos de ellos. Algunos, como las obras de arte, los admiramos. A otros les otorgamos un gran valor simb\u00f3lico, personal o colectivo. Tambi\u00e9n los hay que son indiferentes nos repugnan. Pero aparte del hecho de que les demos mayor o menor importancia, los objetos, en un n\u00famero inmensurable, est\u00e1n con nosotros a todas horas del d\u00eda. Nacemos con la ayuda de objetos y cuando morimos les confiamos nuestros restos.<\/p>\n\n<p><strong>2<\/strong><\/p>\n\n<p>Los objetos, como los seres vivos, tambi\u00e9n tienen su biograf\u00eda, su itinerario. Con un papel blanco, que de hecho ya tiene su itinerario anterior en el proceso de elaboraci\u00f3n, se imprime una hoja de peri\u00f3dico. Con esta hoja, despu\u00e9s de leerla puedo hacer una pajarita que le dar\u00e9 a la ni\u00f1a para que juegue. Cuando se haya cansado de jugar, esa hoja de papel dejar\u00e1 de ser un p\u00e1jaro para convertirse en una bola informe que terminar\u00e1 en el contenedor de reciclaje; y a\u00fan podr\u00edamos continuar con el itinerario potencial de esa hoja de papel, ya como desecho.<\/p>\n\n<div style=\"height:30px\" aria-hidden=\"true\" class=\"wp-block-spacer\"><\/div>\n\n<figure class=\"wp-block-image size-large\"><img loading=\"lazy\" decoding=\"async\" width=\"894\" height=\"638\" src=\"https:\/\/itineraris.tallerestampa.com\/wp-content\/uploads\/2021\/02\/objectes_reticula_B.jpg\" alt=\"\" class=\"wp-image-157\" id=\"objectes_reticula_B\" srcset=\"https:\/\/itineraris.tallerestampa.com\/wp-content\/uploads\/2021\/02\/objectes_reticula_B.jpg 894w, https:\/\/itineraris.tallerestampa.com\/wp-content\/uploads\/2021\/02\/objectes_reticula_B-300x214.jpg 300w, https:\/\/itineraris.tallerestampa.com\/wp-content\/uploads\/2021\/02\/objectes_reticula_B-768x548.jpg 768w\" sizes=\"auto, (max-width: 894px) 100vw, 894px\" \/><\/figure>\n<div style=\"height:20px\" aria-hidden=\"true\" class=\"wp-block-spacer\"><\/div>\n\n<p><strong>3<\/strong><\/p>\n\n<p>Las l\u00edneas de separaci\u00f3n entre objetos y personas son culturalmente variables, y no se entienden de la misma manera en todas las sociedades (Hoskins, 2006: 74) e incluso hay diferencias entre ni\u00f1os y adultos en una misma sociedad. Se pueden considerar los objetos como si fueran vivos, con sentimientos y conciencia (animatismo), as\u00ed como hay creencias para las cuales los objetos poseen un alma (animismo). En ciertos contextos, las personas parecen adquirir atributos de objetos y los objetos de personas. Pi\u00e9nsese en el caso de la esclavitud por la que los humanos, entendidos como posesi\u00f3n, se compran y se venden.<\/p>\n\n<p><strong>4<\/strong><\/p>\n\n<p>Sin objetos, la sociedad no existir\u00eda tal como la conocemos. Con los objetos expresamos amor, obligaci\u00f3n, creencias, intercambio, comercio, riqueza y pobreza, trabajo y ocio, reglas, guerra&#8230; Y m\u00e1s all\u00e1 de la mera expresi\u00f3n, con los objetos materializamos todo aquello que nos hace hablar de los individuos como seres sociales.<\/p>\n\n<div style=\"height:30px\" aria-hidden=\"true\" class=\"wp-block-spacer\"><\/div>\n\n<div class=\"wp-block-columns is-layout-flex wp-container-core-columns-is-layout-9d6595d7 wp-block-columns-is-layout-flex\">\n<div class=\"wp-block-column is-layout-flow wp-block-column-is-layout-flow\">\n<figure class=\"wp-block-image size-large\"><img loading=\"lazy\" decoding=\"async\" width=\"256\" height=\"256\" src=\"https:\/\/itineraris.tallerestampa.com\/wp-content\/uploads\/2021\/02\/alotofclocks.jpeg\" alt=\"\" class=\"wp-image-169\" id=\"alotofclocks\" srcset=\"https:\/\/itineraris.tallerestampa.com\/wp-content\/uploads\/2021\/02\/alotofclocks.jpeg 256w, https:\/\/itineraris.tallerestampa.com\/wp-content\/uploads\/2021\/02\/alotofclocks-150x150.jpeg 150w\" sizes=\"auto, (max-width: 256px) 100vw, 256px\" \/><\/figure>\n\n\n<div style=\"height:5px\" aria-hidden=\"true\" class=\"wp-block-spacer\"><\/div>\n\n\n\n<figure class=\"wp-block-image size-large\"><img loading=\"lazy\" decoding=\"async\" width=\"256\" height=\"256\" src=\"https:\/\/itineraris.tallerestampa.com\/wp-content\/uploads\/2021\/02\/kindclocks.jpeg\" alt=\"\" class=\"wp-image-172\" id=\"kindclocks\" srcset=\"https:\/\/itineraris.tallerestampa.com\/wp-content\/uploads\/2021\/02\/kindclocks.jpeg 256w, https:\/\/itineraris.tallerestampa.com\/wp-content\/uploads\/2021\/02\/kindclocks-150x150.jpeg 150w\" sizes=\"auto, (max-width: 256px) 100vw, 256px\" \/><\/figure><\/div>\n\n\n\n<div class=\"wp-block-column is-layout-flow wp-block-column-is-layout-flow\">\n<figure class=\"wp-block-image size-large\"><img loading=\"lazy\" decoding=\"async\" width=\"256\" height=\"256\" src=\"https:\/\/itineraris.tallerestampa.com\/wp-content\/uploads\/2021\/02\/clock.jpeg\" alt=\"\" class=\"wp-image-170\" id=\"clock\" srcset=\"https:\/\/itineraris.tallerestampa.com\/wp-content\/uploads\/2021\/02\/clock.jpeg 256w, https:\/\/itineraris.tallerestampa.com\/wp-content\/uploads\/2021\/02\/clock-150x150.jpeg 150w\" sizes=\"auto, (max-width: 256px) 100vw, 256px\" \/><\/figure>\n\n\n<div style=\"height:5px\" aria-hidden=\"true\" class=\"wp-block-spacer\"><\/div>\n\n\n\n<figure class=\"wp-block-image size-large\"><img loading=\"lazy\" decoding=\"async\" width=\"256\" height=\"256\" src=\"https:\/\/itineraris.tallerestampa.com\/wp-content\/uploads\/2021\/02\/lookingclocks.jpeg\" alt=\"\" class=\"wp-image-173\" id=\"lookingclocks\" srcset=\"https:\/\/itineraris.tallerestampa.com\/wp-content\/uploads\/2021\/02\/lookingclocks.jpeg 256w, https:\/\/itineraris.tallerestampa.com\/wp-content\/uploads\/2021\/02\/lookingclocks-150x150.jpeg 150w\" sizes=\"auto, (max-width: 256px) 100vw, 256px\" \/><\/figure><\/div>\n\n\n\n<div class=\"wp-block-column is-layout-flow wp-block-column-is-layout-flow\">\n<figure class=\"wp-block-image size-large\"><img loading=\"lazy\" decoding=\"async\" width=\"256\" height=\"256\" src=\"https:\/\/itineraris.tallerestampa.com\/wp-content\/uploads\/2021\/02\/clocks.jpeg\" alt=\"\" class=\"wp-image-171\" id=\"clocks\" srcset=\"https:\/\/itineraris.tallerestampa.com\/wp-content\/uploads\/2021\/02\/clocks.jpeg 256w, https:\/\/itineraris.tallerestampa.com\/wp-content\/uploads\/2021\/02\/clocks-150x150.jpeg 150w\" sizes=\"auto, (max-width: 256px) 100vw, 256px\" \/><\/figure>\n\n\n<div style=\"height:5px\" aria-hidden=\"true\" class=\"wp-block-spacer\"><\/div>\n\n\n\n<figure class=\"wp-block-image size-large\"><img loading=\"lazy\" decoding=\"async\" width=\"256\" height=\"256\" src=\"https:\/\/itineraris.tallerestampa.com\/wp-content\/uploads\/2021\/02\/moreclocks.jpeg\" alt=\"\" class=\"wp-image-174\" id=\"moreclocks\" srcset=\"https:\/\/itineraris.tallerestampa.com\/wp-content\/uploads\/2021\/02\/moreclocks.jpeg 256w, https:\/\/itineraris.tallerestampa.com\/wp-content\/uploads\/2021\/02\/moreclocks-150x150.jpeg 150w\" sizes=\"auto, (max-width: 256px) 100vw, 256px\" \/><\/figure><\/div>\n<\/div>\n\n<div style=\"height:20px\" aria-hidden=\"true\" class=\"wp-block-spacer\"><\/div>\n\n<p>Los objetos son co-productores de la vida social. \u00bfQu\u00e9 ser\u00eda de la mayor\u00eda de los humanos modernos sin este objeto que llamamos reloj? M\u00e1s all\u00e1 de las tecnolog\u00edas, desde el primer reloj de agua o de sol hasta los relojes at\u00f3micos m\u00e1s sofisticados, no se puede dudar de que haya habido otro objeto que haya incidido tanto en las relaciones sociales. Para bien y para mal, somos prisioneros de los horarios, y cuando organizamos nuestras vidas, otorgamos al tiempo mec\u00e1nico del reloj preferencia sobre el tiempo subjetivo. Los objetos son el cemento de la sociedad.<\/p>\n\n<p><strong>5<\/strong><\/p>\n\n<p>Los seres humanos adscribimos poder a los objetos. Pensemos, por ejemplo, en el talism\u00e1n, la escritura de una propiedad o el dinero. Pero m\u00e1s all\u00e1 de los casos particulares en los que se les concede el poder por razones simb\u00f3licas, es decir, no por lo que son materialmente sino por lo que representan (un poder espiritual, reconocimiento legal de una propiedad, el equivalente en oro), todos los objetos, al igual que los seres vivos, tienen la capacidad de vehicular agencia, es decir, de afectar.<\/p>\n\n<div style=\"height:30px\" aria-hidden=\"true\" class=\"wp-block-spacer\"><\/div>\n\n<figure class=\"wp-block-image size-large\"><img loading=\"lazy\" decoding=\"async\" width=\"1024\" height=\"768\" src=\"https:\/\/itineraris.tallerestampa.com\/wp-content\/uploads\/2021\/02\/secuencia_recipients-1024x768.png\" alt=\"\" class=\"wp-image-428\" id=\"secuencia_recipients\" srcset=\"https:\/\/itineraris.tallerestampa.com\/wp-content\/uploads\/2021\/02\/secuencia_recipients-1024x768.png 1024w, https:\/\/itineraris.tallerestampa.com\/wp-content\/uploads\/2021\/02\/secuencia_recipients-300x225.png 300w, https:\/\/itineraris.tallerestampa.com\/wp-content\/uploads\/2021\/02\/secuencia_recipients-768x576.png 768w, https:\/\/itineraris.tallerestampa.com\/wp-content\/uploads\/2021\/02\/secuencia_recipients-1536x1152.png 1536w, https:\/\/itineraris.tallerestampa.com\/wp-content\/uploads\/2021\/02\/secuencia_recipients.png 1728w\" sizes=\"auto, (max-width: 1024px) 100vw, 1024px\" \/><\/figure>\n<div style=\"height:20px\" aria-hidden=\"true\" class=\"wp-block-spacer\"><\/div>\n\n<p><strong>6<\/strong><\/p>\n\n<p>Cuando hablamos de agencia nos referimos a los efectos que una entidad cualquiera tiene sobre otra. As\u00ed, por ejemplo, si yo caminando por un sendero forestal aparto una rama ca\u00edda que obstaculiza mi paseo, la afecto. La afecto en virtud de mi capacidad de agencia. Yo soy el agente y la rama paciente. Pero tambi\u00e9n puedo pensar que esa rama me afect\u00f3. Al interponerse en mi camino gener\u00f3 en m\u00ed una reacci\u00f3n que me hizo actuar. La rama hizo de agente y yo de paciente. Y hechos como \u00e9ste en los que yo afecto o bien soy afectado constituyen la base de la vida.<\/p>\n\n<p><strong>7<\/strong><\/p>\n\n<p>A diferencia del humanismo tradicional en el que s\u00f3lo se reconoc\u00eda el poder de agencia a los seres humanos, en la teor\u00eda posthumanista se reconoce a todo ser vivo o inerte la capacidad de vehicular agencia. No en vano decimos que una obra de arte o cualquier otro objeto nos cautiva. El verbo cautivar es la mejor indicaci\u00f3n de que estamos hablando de agencias, es decir, el efecto o poder que algo ejerce sobre nosotros; nos atrae como la fuerza de la gravedad atrae los cuerpos.<\/p>\n\n<div style=\"height:30px\" aria-hidden=\"true\" class=\"wp-block-spacer\"><\/div>\n\n<div class=\"wp-block-columns is-layout-flex wp-container-core-columns-is-layout-9d6595d7 wp-block-columns-is-layout-flex\">\n<div class=\"wp-block-column is-layout-flow wp-block-column-is-layout-flow\">\n<figure class=\"wp-block-image size-large\"><img loading=\"lazy\" decoding=\"async\" width=\"400\" height=\"601\" src=\"https:\/\/itineraris.tallerestampa.com\/wp-content\/uploads\/2021\/02\/1.png\" alt=\"\" class=\"wp-image-163\" id=\"1\" srcset=\"https:\/\/itineraris.tallerestampa.com\/wp-content\/uploads\/2021\/02\/1.png 400w, https:\/\/itineraris.tallerestampa.com\/wp-content\/uploads\/2021\/02\/1-200x300.png 200w\" sizes=\"auto, (max-width: 400px) 100vw, 400px\" \/><\/figure>\n\n\n<div style=\"height:5px\" aria-hidden=\"true\" class=\"wp-block-spacer\"><\/div>\n\n\n\n<figure class=\"wp-block-image size-large\"><img loading=\"lazy\" decoding=\"async\" width=\"400\" height=\"601\" src=\"https:\/\/itineraris.tallerestampa.com\/wp-content\/uploads\/2021\/02\/4.jpeg\" alt=\"\" class=\"wp-image-166\" id=\"4\" srcset=\"https:\/\/itineraris.tallerestampa.com\/wp-content\/uploads\/2021\/02\/4.jpeg 400w, https:\/\/itineraris.tallerestampa.com\/wp-content\/uploads\/2021\/02\/4-200x300.jpeg 200w\" sizes=\"auto, (max-width: 400px) 100vw, 400px\" \/><\/figure><\/div>\n\n\n\n<div class=\"wp-block-column is-layout-flow wp-block-column-is-layout-flow\">\n<figure class=\"wp-block-image size-large\"><img loading=\"lazy\" decoding=\"async\" width=\"400\" height=\"601\" src=\"https:\/\/itineraris.tallerestampa.com\/wp-content\/uploads\/2021\/02\/2.jpeg\" alt=\"\" class=\"wp-image-164\" id=\"2\" srcset=\"https:\/\/itineraris.tallerestampa.com\/wp-content\/uploads\/2021\/02\/2.jpeg 400w, https:\/\/itineraris.tallerestampa.com\/wp-content\/uploads\/2021\/02\/2-200x300.jpeg 200w\" sizes=\"auto, (max-width: 400px) 100vw, 400px\" \/><\/figure>\n\n\n<div style=\"height:5px\" aria-hidden=\"true\" class=\"wp-block-spacer\"><\/div>\n\n\n\n<figure class=\"wp-block-image size-large\"><img loading=\"lazy\" decoding=\"async\" width=\"400\" height=\"601\" src=\"https:\/\/itineraris.tallerestampa.com\/wp-content\/uploads\/2021\/02\/5.jpeg\" alt=\"\" class=\"wp-image-167\" id=\"5\" srcset=\"https:\/\/itineraris.tallerestampa.com\/wp-content\/uploads\/2021\/02\/5.jpeg 400w, https:\/\/itineraris.tallerestampa.com\/wp-content\/uploads\/2021\/02\/5-200x300.jpeg 200w\" sizes=\"auto, (max-width: 400px) 100vw, 400px\" \/><\/figure><\/div>\n\n\n\n<div class=\"wp-block-column is-layout-flow wp-block-column-is-layout-flow\">\n<figure class=\"wp-block-image size-large\"><img loading=\"lazy\" decoding=\"async\" width=\"400\" height=\"601\" src=\"https:\/\/itineraris.tallerestampa.com\/wp-content\/uploads\/2021\/02\/3.jpeg\" alt=\"\" class=\"wp-image-165\" id=\"3\" srcset=\"https:\/\/itineraris.tallerestampa.com\/wp-content\/uploads\/2021\/02\/3.jpeg 400w, https:\/\/itineraris.tallerestampa.com\/wp-content\/uploads\/2021\/02\/3-200x300.jpeg 200w\" sizes=\"auto, (max-width: 400px) 100vw, 400px\" \/><\/figure>\n\n\n<div style=\"height:5px\" aria-hidden=\"true\" class=\"wp-block-spacer\"><\/div>\n\n\n\n<figure class=\"wp-block-image size-large\"><img loading=\"lazy\" decoding=\"async\" width=\"400\" height=\"601\" src=\"https:\/\/itineraris.tallerestampa.com\/wp-content\/uploads\/2021\/02\/6.jpeg\" alt=\"\" class=\"wp-image-168\" id=\"6\" srcset=\"https:\/\/itineraris.tallerestampa.com\/wp-content\/uploads\/2021\/02\/6.jpeg 400w, https:\/\/itineraris.tallerestampa.com\/wp-content\/uploads\/2021\/02\/6-200x300.jpeg 200w\" sizes=\"auto, (max-width: 400px) 100vw, 400px\" \/><\/figure><\/div>\n<\/div>\n\n<div style=\"height:20px\" aria-hidden=\"true\" class=\"wp-block-spacer\"><\/div>\n\n<p><strong>8<\/strong><\/p>\n\n<div class=\"wp-block-columns is-layout-flex wp-container-core-columns-is-layout-9d6595d7 wp-block-columns-is-layout-flex\">\n<div class=\"wp-block-column is-layout-flow wp-block-column-is-layout-flow\" style=\"flex-basis:66.66%\">\n<p>En t\u00e9rminos de agencia, no se pueden hacer distinciones absolutas entre humanos y no humanos. Es por eso que tambi\u00e9n hablamos de agencia distributiva en el sentido de que la posibilidad de ejercer agencia no debe limitarse a sus portadores tradicionales \u2013personas humanas\u2013, sino que debe entenderse como propiedad de todas las cosas. No hay un \u00fanico sujeto en la causa de un efecto, sino que siempre hay muchas vitalidades que entran en juego (Bennett, 2010).<\/p>\n<\/div>\n\n\n\n<div class=\"wp-block-column is-layout-flow wp-block-column-is-layout-flow\" style=\"flex-basis:33.33%\">\n<p class=\"marges\">Object-Oriented Ontology<br\/><a href=\"https:\/\/www.youtube.com\/watch?v=P1dSLpVUpPc\" target=\"_blank\" rel=\"noreferrer noopener\">https:\/\/www.youtube.com\/watch?v=P1dSLpVUpPc<\/a><\/p>\n<\/div>\n<\/div>\n\n<p><strong>9<\/strong><\/p>\n\n<p>Los objetos nos ayudan, nos frustran, nos enojan, nos dan placer, despiertan nuestras pasiones&#8230; Nos afectan en todos los sentidos. Pero si nos escapamos por unos momentos de esta ontolog\u00eda dualista que es la que acompa\u00f1a a nuestra forma de pensar, podemos ir un poco m\u00e1s all\u00e1. No es s\u00f3lo que sin ellos no podr\u00edamos vivir. Sin ellos tampoco ser\u00edamos. Es decir, sin muchas de las cosas que nos rodean, ontol\u00f3gicamente, este yo no podr\u00eda ser. Los estudios actuales sobre ciencia cognitiva ya apuntan a la borrosidad de los l\u00edmites entre el cuerpo humano, el cerebro y los objetos inorg\u00e1nicos como los smartphones o relojes, de modo que estos dispositivos terminan siendo integrados en la mente, haciendo tambalear las distinciones ortodoxas entre mente-cuerpo, interior-exterior o humano-m\u00e1quina (Springwood, 2014: 463). \u00bfPodr\u00eda ser un dibujante sin su l\u00e1piz?<\/p>\n\n<div style=\"height:30px\" aria-hidden=\"true\" class=\"wp-block-spacer\"><\/div>\n\n<div class=\"wp-block-image\"><figure class=\"aligncenter size-large\"><img loading=\"lazy\" decoding=\"async\" width=\"512\" height=\"512\" src=\"https:\/\/itineraris.tallerestampa.com\/wp-content\/uploads\/2021\/02\/objectes_cor.jpeg\" alt=\"\" class=\"wp-image-181\" id=\"objectes_cor\" srcset=\"https:\/\/itineraris.tallerestampa.com\/wp-content\/uploads\/2021\/02\/objectes_cor.jpeg 512w, https:\/\/itineraris.tallerestampa.com\/wp-content\/uploads\/2021\/02\/objectes_cor-300x300.jpeg 300w, https:\/\/itineraris.tallerestampa.com\/wp-content\/uploads\/2021\/02\/objectes_cor-150x150.jpeg 150w\" sizes=\"auto, (max-width: 512px) 100vw, 512px\" \/><\/figure><\/div>\n\n<div style=\"height:20px\" aria-hidden=\"true\" class=\"wp-block-spacer\"><\/div>\n\n<p><strong>10<\/strong><\/p>\n\n<p>Y aunque la soberbia humana nos hace sentir infinitamente superiores a los objetos, tengamos en cuenta que no es s\u00f3lo que dispongamos de ellos; los objetos tambi\u00e9n disponen de nosotros porque nos afectan e influyen. De ah\u00ed la m\u00e1xima de Nietzsche: \u00abQuien poco posee, tanto menos es pose\u00eddo\u00bb (2016: 40).<\/p>\n\n<div style=\"height:100px\" aria-hidden=\"true\" class=\"wp-block-spacer\"><\/div>\n\n<ul class=\"wp-block-list\"><li>Bennett, Jane, Vibrant Matter. A political ecology of things, Durham: Duke University Press, 2010<\/li><\/ul>\n<ul class=\"wp-block-list\"><li>Hoskins, J., \u201cAgency, Biography and Objects\u201d, en C. Tilley, W. Keane, S. K\u00fcchler, M. Rowlands y P. Spyer (eds.), Handbook of Material Culture, London: Sage, pp. 74\u201384, 2006<\/li><\/ul>\n<ul class=\"wp-block-list\"><li>Leeuw, S. E. van der, \u201cAgency, Networks, Past and Future\u201d, en C. Knappett y L. Malafouris (eds.), Material Agency: Towards a Non-Anthropocentric Approach. New York: Springer, 2008 pp. 217-247<\/li><\/ul>\n<ul class=\"wp-block-list\"><li>Nietzsche, Friedrich, Also sprach Zarathustra: Ein Buch f\u00fcr Alle und Keinen, Berlin: Hofenberg, 2016 [1883]<\/li><\/ul>\n<ul class=\"wp-block-list\"><li>Springwood, C. F., \u201cGun concealment, display, and other magical habits of the body\u201d, Critique of Anthropology 34\/4, 2014, pp. 450-471<\/li><\/ul>","protected":false},"excerpt":{"rendered":"<p>Introducci\u00f3n Los objetos nos invitan a hacer cosas con ellos. Los objetos nos generan admiraci\u00f3n (obra de arte, piedra preciosa), repulsi\u00f3n (una inmundicia en el mar), curiosidad (algo desconocido), amor (pertenencia de una persona admirada), devoci\u00f3n (imagen de un santo),&#8230; <\/p>\n<p><a class=\"more-link\" href=\"https:\/\/itineraris.tallerestampa.com\/es\/los-objetos\/\"> Read more<\/a><\/p>\n","protected":false},"author":3,"featured_media":0,"parent":0,"menu_order":0,"comment_status":"closed","ping_status":"closed","template":"","meta":{"inline_featured_image":false,"footnotes":""},"class_list":["post-770","page","type-page","status-publish","hentry"],"_links":{"self":[{"href":"https:\/\/itineraris.tallerestampa.com\/es\/wp-json\/wp\/v2\/pages\/770","targetHints":{"allow":["GET"]}}],"collection":[{"href":"https:\/\/itineraris.tallerestampa.com\/es\/wp-json\/wp\/v2\/pages"}],"about":[{"href":"https:\/\/itineraris.tallerestampa.com\/es\/wp-json\/wp\/v2\/types\/page"}],"author":[{"embeddable":true,"href":"https:\/\/itineraris.tallerestampa.com\/es\/wp-json\/wp\/v2\/users\/3"}],"replies":[{"embeddable":true,"href":"https:\/\/itineraris.tallerestampa.com\/es\/wp-json\/wp\/v2\/comments?post=770"}],"version-history":[{"count":3,"href":"https:\/\/itineraris.tallerestampa.com\/es\/wp-json\/wp\/v2\/pages\/770\/revisions"}],"predecessor-version":[{"id":1208,"href":"https:\/\/itineraris.tallerestampa.com\/es\/wp-json\/wp\/v2\/pages\/770\/revisions\/1208"}],"wp:attachment":[{"href":"https:\/\/itineraris.tallerestampa.com\/es\/wp-json\/wp\/v2\/media?parent=770"}],"curies":[{"name":"wp","href":"https:\/\/api.w.org\/{rel}","templated":true}]}}