{"id":724,"date":"2021-02-23T07:35:08","date_gmt":"2021-02-23T06:35:08","guid":{"rendered":"https:\/\/itineraris.tallerestampa.com\/introduccion\/"},"modified":"2021-03-17T11:18:45","modified_gmt":"2021-03-17T10:18:45","slug":"introduccion","status":"publish","type":"page","link":"https:\/\/itineraris.tallerestampa.com\/es\/introduccion\/","title":{"rendered":"Introducci\u00f3n"},"content":{"rendered":"\n<p>El posthumanismo es una cr\u00edtica radical al humanismo y una nueva forma de concebir el sujeto humano. Se considera que el humanismo tradicional ya no resulta apropiado para entender al ser humano tal como se halla estrechamente vinculado a todo lo que le rodea, ya sean otros seres vivos, el medio ambiente o las tecnolog\u00edas. El posthumanismo es ontolog\u00eda porque representa una forma particular de entender la realidad. Es epistemolog\u00eda porque coherentemente con esta forma particular de entender la realidad, apuesta tambi\u00e9n por una conceptualizaci\u00f3n particular de c\u00f3mo se accede al conocimiento. Y al mismo tiempo, el posthumanismo tambi\u00e9n implica un cierto posicionamiento \u00e9tico.<\/p>\n\n<p>El futuro de las humanidades exige una reformulaci\u00f3n, un replanteamiento o incluso la superaci\u00f3n del mismo pensamiento humanista del que han surgido. El posthumanismo constituye una respuesta a la denominada crisis y consecuente p\u00e9rdida de relevancia de las humanidades (Braidotti, 2015). Es un importante desaf\u00edo epistemol\u00f3gico para las ciencias sociales y humanas debido a los esquemas alternativos de pensamiento que desarrolla.<\/p>\n\n<div style=\"height:45px\" aria-hidden=\"true\" class=\"wp-block-spacer\"><\/div>\n\n<figure class=\"wp-block-image size-full\"><img loading=\"lazy\" decoding=\"async\" width=\"860\" height=\"2560\" src=\"https:\/\/itineraris.tallerestampa.com\/wp-content\/uploads\/2021\/02\/intro_02-02-scaled.jpg\" alt=\"\" class=\"wp-image-511\" id=\"intro\" srcset=\"https:\/\/itineraris.tallerestampa.com\/wp-content\/uploads\/2021\/02\/intro_02-02-scaled.jpg 860w, https:\/\/itineraris.tallerestampa.com\/wp-content\/uploads\/2021\/02\/intro_02-02-101x300.jpg 101w, https:\/\/itineraris.tallerestampa.com\/wp-content\/uploads\/2021\/02\/intro_02-02-344x1024.jpg 344w, https:\/\/itineraris.tallerestampa.com\/wp-content\/uploads\/2021\/02\/intro_02-02-768x2286.jpg 768w, https:\/\/itineraris.tallerestampa.com\/wp-content\/uploads\/2021\/02\/intro_02-02-516x1536.jpg 516w, https:\/\/itineraris.tallerestampa.com\/wp-content\/uploads\/2021\/02\/intro_02-02-688x2048.jpg 688w\" sizes=\"auto, (max-width: 860px) 100vw, 860px\" \/><\/figure>\n<div style=\"height:45px\" aria-hidden=\"true\" class=\"wp-block-spacer\"><\/div>\n\n<p><p class=\"p1\">El posthumanismo no debe confundirse con el transhumanismo. Aunque ambas perspectivas comparten espacios en lo que se ha denominado la <i>condici\u00f3n posthumana<\/i>, la primera se basa en una cr\u00edtica deconstructiva de la ontolog\u00eda y valores humanistas, mientras que la segunda consiste en esa filosof\u00eda que aboga por el uso de nuevas tecnolog\u00edas para superar las limitaciones biol\u00f3gicas de los seres humanos. No son lo mismo puesto que el transhumanismo sigue aferr\u00e1ndose a los viejos valores humanistas que entienden a los seres humanos como un actor aut\u00f3nomo, plenamente consciente e intencional y con una superioridad inherente que lo coloca en el centro de la creaci\u00f3n. <span class=\"s1\">Cuando hablamos de la <i>condici\u00f3n posthumana<\/i> a menudo pensamos en la figura del cyborg. El posthumanismo tambi\u00e9n tiene que ver con las implicaciones de los seres humanos con las nuevas tecnolog\u00edas, pero no es s\u00f3lo eso, ni es lo m\u00e1s importante para caracterizar o ejemplificar la condici\u00f3n posthumana. Lo que es realmente importante es la conciencia de que no somos lo que el viejo humanismo cre\u00eda que \u00e9ramos. No somos actores aut\u00f3nomos, ni plenamente conscientes e intencionales, y se considera como superada aquella m\u00e1xima de Protagoras seg\u00fan la cual el ser humano es la medida de todas las cosas.<\/span><\/p><\/p>\n\n<p>El posthumanismo es extremadamente cr\u00edtico con la idea de entender a la humanidad en t\u00e9rminos antropoc\u00e9ntricos, esencialistas y seg\u00fan el pensamiento cartesiano racional. Con estos enfoques, la visi\u00f3n que tenemos de los seres humanos experimenta una profunda transformaci\u00f3n. Dentro de la ontolog\u00eda de cariz no dualista que caracteriza al posthumanismo, es en las relaciones m\u00e1s que en las entidades a lo que se atribuye una mayor importancia. Se entiende que las entidades o categor\u00edas elementales no establecen relaciones, sino que se constituyen a partir de relaciones. De hecho, no somos esencias, somos el resultado de un juego infinito de relaciones. Las entidades son momentos espec\u00edficos de un flujo constante que se va construyendo en un espacio relacional complejo. De esta manera, el posthumanismo nos ayuda a entendernos dentro de un continuum con todo lo que nos rodea, totalmente interrelacionados, m\u00e1s que como unidades discretas y desconectadas.<\/p>\n\n<div style=\"height:40px\" aria-hidden=\"true\" class=\"wp-block-spacer\"><\/div>\n\n<ul class=\"wp-block-list\"><li><p class=\"p1\">Braidotti, Rosi, <i>Lo posthumano<\/i>, Barcelona: Gedisa, 2015<\/p><\/li><\/ul>\n<div style=\"height:50px\" aria-hidden=\"true\" class=\"wp-block-spacer\"><\/div>\n","protected":false},"excerpt":{"rendered":"<p>El posthumanismo es una cr\u00edtica radical al humanismo y una nueva forma de concebir el sujeto humano. Se considera que el humanismo tradicional ya no resulta apropiado para entender al ser humano tal como se halla estrechamente vinculado a todo&#8230; <\/p>\n<p><a class=\"more-link\" href=\"https:\/\/itineraris.tallerestampa.com\/es\/introduccion\/\"> Read more<\/a><\/p>\n","protected":false},"author":3,"featured_media":0,"parent":0,"menu_order":0,"comment_status":"closed","ping_status":"closed","template":"","meta":{"inline_featured_image":false,"footnotes":""},"class_list":["post-724","page","type-page","status-publish","hentry"],"_links":{"self":[{"href":"https:\/\/itineraris.tallerestampa.com\/es\/wp-json\/wp\/v2\/pages\/724","targetHints":{"allow":["GET"]}}],"collection":[{"href":"https:\/\/itineraris.tallerestampa.com\/es\/wp-json\/wp\/v2\/pages"}],"about":[{"href":"https:\/\/itineraris.tallerestampa.com\/es\/wp-json\/wp\/v2\/types\/page"}],"author":[{"embeddable":true,"href":"https:\/\/itineraris.tallerestampa.com\/es\/wp-json\/wp\/v2\/users\/3"}],"replies":[{"embeddable":true,"href":"https:\/\/itineraris.tallerestampa.com\/es\/wp-json\/wp\/v2\/comments?post=724"}],"version-history":[{"count":1,"href":"https:\/\/itineraris.tallerestampa.com\/es\/wp-json\/wp\/v2\/pages\/724\/revisions"}],"predecessor-version":[{"id":725,"href":"https:\/\/itineraris.tallerestampa.com\/es\/wp-json\/wp\/v2\/pages\/724\/revisions\/725"}],"wp:attachment":[{"href":"https:\/\/itineraris.tallerestampa.com\/es\/wp-json\/wp\/v2\/media?parent=724"}],"curies":[{"name":"wp","href":"https:\/\/api.w.org\/{rel}","templated":true}]}}