{"id":1135,"date":"2021-03-04T18:34:35","date_gmt":"2021-03-04T17:34:35","guid":{"rendered":"https:\/\/itineraris.tallerestampa.com\/credits\/"},"modified":"2021-03-19T07:25:11","modified_gmt":"2021-03-19T06:25:11","slug":"credits","status":"publish","type":"page","link":"https:\/\/itineraris.tallerestampa.com\/en\/credits\/","title":{"rendered":"Credits"},"content":{"rendered":"\n<div style=\"height:50px\" aria-hidden=\"true\" class=\"wp-block-spacer\"><\/div>\n\n<p class=\"has-medium-font-size\">Posthumanist Itineraries<\/p>\n\n<div style=\"height:60px\" aria-hidden=\"true\" class=\"wp-block-spacer\"><\/div>\n\n<p class=\"credits1 has-small-font-size\">Coordinaci\u00f3<\/p>\n\n<p class=\"credits2\">Josep Mart\u00ed<br\/>Mara Mart\u00ednez Morant<\/p>\n\n<p class=\"credits1 has-small-font-size\">Direcci\u00f3 d&#8217;art<\/p>\n\n<p class=\"credits2\">Roc Albalat<\/p>\n\n<p class=\"credits3\"><a rel=\"noreferrer noopener\" href=\"http:\/\/tallerestampa.com\" target=\"_blank\">tallerestampa.com<\/a><\/p>\n\n<p class=\"credits1 has-small-font-size\">Creaci\u00f3 i disseny d&#8217;imatges<\/p>\n\n<p class=\"credits2\">Ana Guerrero<br\/>Paula Mart\u00ednez Soriano<br\/>Paula Rom\u00e1n<\/p>\n\n<p class=\"credits1 has-small-font-size\">Desenvolupament web<\/p>\n\n<p class=\"credits2\">Pau Artigas<\/p>\n\n<p class=\"credits3\"><a rel=\"noreferrer noopener\" href=\"http:\/\/tallerestampa.com\" target=\"_blank\">tallerestampa.com<\/a><\/p>\n\n<p class=\"credits1 has-small-font-size\">Textos<\/p>\n\n<p class=\"credits2\">Josep Mart\u00ed<br\/>Mara Mart\u00ednez Morant<br\/>Jaume Vallverd\u00fa<br\/><\/p>\n\n<p class=\"credits1 has-small-font-size\">Traduccions<\/p>\n\n<p class=\"credits2\">Peter Collins<br\/>Josep Mart\u00ed<\/p>\n\n<p class=\"credits1 has-small-font-size\">Servei inform\u00e0tic IMF\/CSIC<\/p>\n\n<p class=\"credits2\">Maria Gil<\/p>\n\n<div style=\"height:50px\" aria-hidden=\"true\" class=\"wp-block-spacer\"><\/div>\n\n<p class=\"credits1 has-small-font-size\">Treballs en els quals es basen els textos d\u2019aquesta exposici\u00f3 virtual<br\/><\/p>\n\n<p class=\"has-small-font-size\">Mart\u00ed, Josep, \u201cEsfilagarsats i entortolligats: Una ullada als cossos des del posthumanisme\u201d, <em>Inmaterial<\/em> 3, 2017, pp. 22-41<\/p>\n\n<p class=\"has-small-font-size\">\u201dVegetals versus humans. O altres maneres d\u2019entendre\u2019s amb un enciam\u201d, dins M. Mart\u00ednez Moran (ed.), <em>Bodies_perception_design,<\/em> Barcelona: BAU, 2019, pp. 33-54<\/p>\n\n<p class=\"has-small-font-size\">\u201cBeyond representation: Relationality and affect in musical practices\u201d, <em>Journal of Posthuman Studies<\/em> 3\/2, 2019, pp. 159-180<\/p>\n\n<p class=\"has-small-font-size\">E<em>l Acuario Humano. Una iniciaci\u00f3n a la antropolog\u00eda,<\/em> Balenya: Amazon KDP Publishing, 2021<\/p>\n\n<p class=\"has-small-font-size\">Mart\u00ednez Morant, Mara, \u201cAnimales no humanos en pr\u00e1cticas art\u00edsticas: algunos ejemplos desde el bioarte y el arte contempor\u00e1neo\u201d, dins M. Mart\u00ednez Moran (ed.), <em>Bodies_perception_design, <\/em>Barcelona: BAU, 2019, pp. 91-126<\/p>\n\n<p class=\"has-small-font-size\">\u201cDel parentesco con los otros animales\u201d, dins J. Mart\u00ed &amp; B. Enguix (eds.), <em>Pensar la antropolog\u00eda en clave posthumanista,<\/em> Madrid: CSIC, 2021 (en premsa)<\/p>\n\n<p class=\"has-small-font-size\">Vallverd\u00fa, Jaume, \u201cSimbolismos y tecnolog\u00edas de \u2018perfecci\u00f3n\u2019. Reflexiones en torno al budismo tibetano-<em>Vajray\u0101na<\/em> y la perspectiva transhumanista\u201d, dins M. Mart\u00ednez Moran (ed.), <em>Bodies_perception_design,<\/em> Barcelona: BAU, 2019, pp.127-143<\/p>\n\n<div style=\"height:50px\" aria-hidden=\"true\" class=\"wp-block-spacer\"><\/div>\n\n<p class=\"credits1 has-small-font-size\">Sobre les imatges<\/p>\n\n<p class=\"has-small-font-size\">Les imatges d&#8217;aquesta exposici\u00f3 han estat generades mitjan\u00e7ant xarxes neuronals d&#8217;aprenentatge profund (IA) de generaci\u00f3 d&#8217;imatges. Els models emprats s\u00f3n BigGan, StyleGan2, BigBiGan, AttnGan, Spade Coco.<\/p>\n\n<div style=\"height:230px\" aria-hidden=\"true\" class=\"wp-block-spacer\"><\/div>\n\n<div class=\"wp-block-columns is-layout-flex wp-container-core-columns-is-layout-9d6595d7 wp-block-columns-is-layout-flex\">\n<div class=\"wp-block-column is-layout-flow wp-block-column-is-layout-flow\">\n<figure class=\"wp-block-image size-large\"><img decoding=\"async\" src=\"https:\/\/itineraris.tallerestampa.com\/wp-content\/uploads\/2021\/03\/csic.svg\" alt=\"\" class=\"wp-image-1054\" id=\"csic\"\/><\/figure><\/div>\n\n\n\n<div class=\"wp-block-column is-layout-flow wp-block-column-is-layout-flow\">\n<figure class=\"wp-block-image size-large\"><img decoding=\"async\" src=\"https:\/\/itineraris.tallerestampa.com\/wp-content\/uploads\/2021\/03\/bau.svg\" alt=\"\" class=\"wp-image-1058\" id=\"bau\"\/><\/figure><\/div>\n\n\n\n<div class=\"wp-block-column is-layout-flow wp-block-column-is-layout-flow\">\n<figure class=\"wp-block-image size-large\"><img decoding=\"async\" src=\"https:\/\/itineraris.tallerestampa.com\/wp-content\/uploads\/2021\/03\/gredits.svg\" alt=\"\" class=\"wp-image-1061\" id=\"gredits\"\/><\/figure><\/div>\n<\/div>\n\n<p class=\"credits1 has-small-font-size\">Exposici\u00f3 virtual desenvolupada dins del projecte de recerca d\u2019I+D+I&#13;\n\u00abEl cos i el g\u00e8nere dins del marc epistemol\u00f2gic conceptual del posthumanisme\u00bb (FEM2016-77963-C2-1-P) dut a terme a la <em>Instituci\u00f3 Mil\u00e0 i Fontanals de Recerca en Humanitats<\/em> (CSIC), Barcelona. Amb la col\u00b7laboraci\u00f3 de GREDITS (Grup de Recerca en Disseny i Transformaci\u00f3 Social).<\/p>\n\n<div style=\"height:40px\" aria-hidden=\"true\" class=\"wp-block-spacer\"><\/div>\n\n<div style=\"height:100px\" aria-hidden=\"true\" class=\"wp-block-spacer\"><\/div>\n","protected":false},"excerpt":{"rendered":"<p>Posthumanist Itineraries Coordinaci\u00f3 Josep Mart\u00edMara Mart\u00ednez Morant Direcci\u00f3 d&#8217;art Roc Albalat tallerestampa.com Creaci\u00f3 i disseny d&#8217;imatges Ana GuerreroPaula Mart\u00ednez SorianoPaula Rom\u00e1n Desenvolupament web Pau Artigas tallerestampa.com Textos Josep Mart\u00edMara Mart\u00ednez MorantJaume Vallverd\u00fa Traduccions Peter CollinsJosep Mart\u00ed Servei inform\u00e0tic IMF\/CSIC Maria&#8230; <\/p>\n<p><a class=\"more-link\" href=\"https:\/\/itineraris.tallerestampa.com\/en\/credits\/\"> Read more<\/a><\/p>\n","protected":false},"author":3,"featured_media":0,"parent":0,"menu_order":0,"comment_status":"closed","ping_status":"closed","template":"","meta":{"inline_featured_image":false,"footnotes":""},"class_list":["post-1135","page","type-page","status-publish","hentry"],"_links":{"self":[{"href":"https:\/\/itineraris.tallerestampa.com\/en\/wp-json\/wp\/v2\/pages\/1135","targetHints":{"allow":["GET"]}}],"collection":[{"href":"https:\/\/itineraris.tallerestampa.com\/en\/wp-json\/wp\/v2\/pages"}],"about":[{"href":"https:\/\/itineraris.tallerestampa.com\/en\/wp-json\/wp\/v2\/types\/page"}],"author":[{"embeddable":true,"href":"https:\/\/itineraris.tallerestampa.com\/en\/wp-json\/wp\/v2\/users\/3"}],"replies":[{"embeddable":true,"href":"https:\/\/itineraris.tallerestampa.com\/en\/wp-json\/wp\/v2\/comments?post=1135"}],"version-history":[{"count":8,"href":"https:\/\/itineraris.tallerestampa.com\/en\/wp-json\/wp\/v2\/pages\/1135\/revisions"}],"predecessor-version":[{"id":1226,"href":"https:\/\/itineraris.tallerestampa.com\/en\/wp-json\/wp\/v2\/pages\/1135\/revisions\/1226"}],"wp:attachment":[{"href":"https:\/\/itineraris.tallerestampa.com\/en\/wp-json\/wp\/v2\/media?parent=1135"}],"curies":[{"name":"wp","href":"https:\/\/api.w.org\/{rel}","templated":true}]}}